{"id":16676,"date":"2024-05-21T07:46:09","date_gmt":"2024-05-21T07:46:09","guid":{"rendered":"https:\/\/emergencyservices24h.ca\/?page_id=16676"},"modified":"2024-05-21T10:26:07","modified_gmt":"2024-05-21T10:26:07","slug":"contactez-nous","status":"publish","type":"page","link":"https:\/\/emergencyservices24h.ca\/fr\/contactez-nous\/","title":{"rendered":"Contactez Nous"},"content":{"rendered":"[vc_row full_width=\u00a0\u00bbstretch_row\u00a0\u00bb css=\u00a0\u00bb.vc_custom_1715611077220{background-color: #203e60 !important;background-position: center !important;background-repeat: no-repeat !important;background-size: cover !important;}\u00a0\u00bb][vc_column width=\u00a0\u00bb1\/6&Prime;][\/vc_column][vc_column width=\u00a0\u00bb2\/3&Prime;][vc_column_text color=\u00a0\u00bb#000000&Prime; css=\u00a0\u00bb.vc_custom_1716277023692{margin-top: 45px !important;}\u00a0\u00bb]\n<h1 style=\"font-size: 40px; text-align: center;\"><span style=\"color: #ffffff;\">Contactez nous<\/span><\/h1>\n<div style=\"text-align: center; font-size: 1.6em; text-shadow: 1px 1px 3px rgba(0,0,0,.75); line-height: 40px; color: white;\">Nous facilitons la rencontre entre utilisateurs et professionnels<\/div>\n[\/vc_column_text]<div class=\"vcex-spacing wpex-w-100 wpex-clear\" style=\"height:30px;\"><\/div><style>.vcex_69fb402e2f476{font-size:24px!important;}@media (max-width:767px){.vcex_69fb402e2f476{font-size:18px!important;}}@media (max-width:479px){.vcex_69fb402e2f476{font-size:18px!important;}}<\/style><div class=\"textcenter theme-button-wrap wpex-clr\"><a href=\"tel:8883381138\" title=\"Intervention Rapide 24 heure\" class=\"vcex-button theme-button outline white align-center inline vcex_69fb402e2f476\"><span class=\"theme-button-inner\">Appelez-Nous! 8883381138<\/span><\/a><\/div> [\/vc_column][vc_column width=\u00a0\u00bb1\/6&Prime;][\/vc_column][\/vc_row][vc_row][vc_column][vc_separator color=\u00a0\u00bbcustom\u00a0\u00bb style=\u00a0\u00bbshadow\u00a0\u00bb border_width=\u00a0\u00bb3&Prime; accent_color=\u00a0\u00bbrgba(0,0,0,0.54)\u00a0\u00bb][\/vc_column][\/vc_row][vc_row column_spacing=\u00a0\u00bb60&Prime; bg_style=\u00a0\u00bbstretch\u00a0\u00bb css=\u00a0\u00bb.vc_custom_1568370682015{padding-top: 20px !important;padding-bottom: 10px !important;}\u00a0\u00bb][vc_column width=\u00a0\u00bb1\/2&Prime;][vc_column_text]<span style=\"font-size: 16px;\"><strong>Contactez nous de Intervention Rapide 24<\/strong><\/span><br \/>\n<span style=\"font-size: 17px;\"><strong><span class=\"ticon ticon-phone\"><\/span> <a href=\"tel:2894981373\">2894981373<\/a><\/strong><\/span><\/p>\n<p style=\"text-align: left;\">Notre \u00e9quipe du centre d&rsquo;appel r\u00e9pondra personnellement \u00e0 votre appel. Ils vous mettront ensuite en contact avec le technicien le plus proche de chez vous et s&rsquo;occuperont de son travail.<\/p>\n<p><span style=\"font-size: 16px;\"><strong>E-mail:<\/strong><\/span><br \/>\n<span style=\"font-size: 16px;\"><strong>info@emergencyservices24.ca<\/strong><\/span><\/p>\n<p><span style=\"font-size: 16px;\"><strong>O\u00f9 nous op\u00e9rons?<\/strong><\/span><br \/>\n<strong><span class=\"ticon ticon-map-marker\"><\/span><span style=\"font-size: 16px; color: #1a73e8;\"> Canada<\/span><\/strong>[\/vc_column_text][\/vc_column][vc_column width=\u00a0\u00bb1\/2&Prime;][vc_gmaps link=\u00a0\u00bb#E-8_JTNDaWZyYW1lJTIwc3JjJTNEJTIyaHR0cHMlM0ElMkYlMkZ3d3cuZ29vZ2xlLmNvbSUyRm1hcHMlMkZlbWJlZCUzRnBiJTNEJTIxMW0xOCUyMTFtMTIlMjExbTMlMjExZDM2NTUzOTgzLjQ0MDg3MDgzJTIxMmQtOTYlMjEzZDU2JTIxMm0zJTIxMWYwJTIxMmYwJTIxM2YwJTIxM20yJTIxMWkxMDI0JTIxMmk3NjglMjE0ZjEzLjElMjEzbTMlMjExbTIlMjExczB4NGIwZDAzZDMzN2NjNmFkOSUyNTNBMHg5OTY4YjcyYWEyNDM4ZmE1JTIxMnNDYW5hZGElMjE1ZTAlMjEzbTIlMjExc2VuJTIxMnMlMjE0djE3MTU2MTE3NzIzMDglMjE1bTIlMjExc2VuJTIxMnMlMjIlMjB3aWR0aCUzRCUyMjYwMCUyMiUyMGhlaWdodCUzRCUyMjQ1MCUyMiUyMHN0eWxlJTNEJTIyYm9yZGVyJTNBMCUzQiUyMiUyMGFsbG93ZnVsbHNjcmVlbiUzRCUyMiUyMiUyMGxvYWRpbmclM0QlMjJsYXp5JTIyJTIwcmVmZXJyZXJwb2xpY3klM0QlMjJuby1yZWZlcnJlci13aGVuLWRvd25ncmFkZSUyMiUzRSUzQyUyRmlmcmFtZSUzRQ==\u00a0\u00bb size=\u00a0\u00bb330&Prime; type=\u00a0\u00bbm\u00a0\u00bb zoom=\u00a0\u00bb14&Prime;][\/vc_column][\/vc_row][vc_row][vc_column][vc_raw_html]JTNDYSUyMGhyZWYlM0QlMjJ0ZWwlM0EyODk0OTgxMzczJTIyJTIwY2xhc3MlM0QlMjJjYWxsbm93YnV0dG9uJTIyJTNFJTNDc3BhbiUzRSU1QmZvbnRfYXdlc29tZSUyMGljb24lM0QlMjJwaG9uZSUyMiU1RCUyMCUyMDI4OTQ5ODEzNzMlM0MlMkZzcGFuJTNFJTNDJTJGYSUzRQ==[\/vc_raw_html][\/vc_column][\/vc_row]\n","protected":false},"excerpt":{"rendered":"<p>[vc_row full_width=\u00a0\u00bbstretch_row\u00a0\u00bb css=\u00a0\u00bb.vc_custom_1715611077220{background-color: #203e60 !important;background-position: center !important;background-repeat: no-repeat !important;background-size: cover !important;}\u00a0\u00bb][vc_column width=\u00a0\u00bb1\/6&Prime;][\/vc_column][vc_column width=\u00a0\u00bb2\/3&Prime;][vc_column_text color=\u00a0\u00bb#000000&Prime; css=\u00a0\u00bb.vc_custom_1716277023692{margin-top: 45px !important;}\u00a0\u00bb] Contactez nous Nous facilitons la rencontre entre utilisateurs et professionnels [\/vc_column_text][\/vc_column][vc_column width=\u00a0\u00bb1\/6&Prime;][\/vc_column][\/vc_row][vc_row][vc_column][vc_separator color=\u00a0\u00bbcustom\u00a0\u00bb style=\u00a0\u00bbshadow\u00a0\u00bb border_width=\u00a0\u00bb3&Prime; accent_color=\u00a0\u00bbrgba(0,0,0,0.54)\u00a0\u00bb][\/vc_column][\/vc_row][vc_row column_spacing=\u00a0\u00bb60&Prime; bg_style=\u00a0\u00bbstretch\u00a0\u00bb css=\u00a0\u00bb.vc_custom_1568370682015{padding-top: 20px !important;padding-bottom: 10px !important;}\u00a0\u00bb][vc_column width=\u00a0\u00bb1\/2&Prime;][vc_column_text]Contactez nous de Intervention Rapide 24 2894981373 Notre \u00e9quipe du centre d&rsquo;appel r\u00e9pondra personnellement \u00e0&hellip;<\/p>\n","protected":false},"author":1,"featured_media":0,"parent":0,"menu_order":0,"comment_status":"closed","ping_status":"closed","template":"","meta":{"footnotes":""},"class_list":["post-16676","page","type-page","status-publish","hentry","entry","no-media"],"yoast_head":"<!-- This site is optimized with the Yoast SEO plugin v26.3 - https:\/\/yoast.com\/wordpress\/plugins\/seo\/ -->\n<title>Contactez Nous - Emergency Services 24H<\/title>\n<meta name=\"description\" content=\"Contactez-nous d&#039;Intervention Rapide 24 Compatible avec tous les services. Service d\u2019urgence 24 heures plombier et \u00c9lectricien.\" \/>\n<meta name=\"robots\" content=\"index, follow, max-snippet:-1, max-image-preview:large, max-video-preview:-1\" \/>\n<link rel=\"canonical\" href=\"https:\/\/emergencyservices24h.ca\/fr\/contactez-nous\/\" \/>\n<meta property=\"og:locale\" content=\"fr_FR\" \/>\n<meta property=\"og:type\" content=\"article\" \/>\n<meta property=\"og:title\" content=\"Contactez Nous - Emergency Services 24H\" \/>\n<meta property=\"og:description\" content=\"Contactez-nous d&#039;Intervention Rapide 24 Compatible avec tous les services. Service d\u2019urgence 24 heures plombier et \u00c9lectricien.\" \/>\n<meta property=\"og:url\" content=\"https:\/\/emergencyservices24h.ca\/fr\/contactez-nous\/\" \/>\n<meta property=\"og:site_name\" content=\"Emergency Services 24H\" \/>\n<meta property=\"article:modified_time\" content=\"2024-05-21T10:26:07+00:00\" \/>\n<meta name=\"twitter:card\" content=\"summary_large_image\" \/>\n<meta name=\"twitter:label1\" content=\"Dur\u00e9e de lecture estim\u00e9e\" \/>\n\t<meta name=\"twitter:data1\" content=\"1 minute\" \/>\n<script type=\"application\/ld+json\" class=\"yoast-schema-graph\">{\"@context\":\"https:\/\/schema.org\",\"@graph\":[{\"@type\":\"WebPage\",\"@id\":\"https:\/\/emergencyservices24h.ca\/fr\/contactez-nous\/\",\"url\":\"https:\/\/emergencyservices24h.ca\/fr\/contactez-nous\/\",\"name\":\"Contactez Nous - Emergency Services 24H\",\"isPartOf\":{\"@id\":\"https:\/\/emergencyservices24h.ca\/fr\/#website\"},\"datePublished\":\"2024-05-21T07:46:09+00:00\",\"dateModified\":\"2024-05-21T10:26:07+00:00\",\"description\":\"Contactez-nous d'Intervention Rapide 24 Compatible avec tous les services. Service d\u2019urgence 24 heures plombier et \u00c9lectricien.\",\"breadcrumb\":{\"@id\":\"https:\/\/emergencyservices24h.ca\/fr\/contactez-nous\/#breadcrumb\"},\"inLanguage\":\"fr-FR\",\"potentialAction\":[{\"@type\":\"ReadAction\",\"target\":[\"https:\/\/emergencyservices24h.ca\/fr\/contactez-nous\/\"]}]},{\"@type\":\"BreadcrumbList\",\"@id\":\"https:\/\/emergencyservices24h.ca\/fr\/contactez-nous\/#breadcrumb\",\"itemListElement\":[{\"@type\":\"ListItem\",\"position\":1,\"name\":\"Home\",\"item\":\"https:\/\/emergencyservices24h.ca\/fr\/\"},{\"@type\":\"ListItem\",\"position\":2,\"name\":\"Contactez Nous\"}]},{\"@type\":\"WebSite\",\"@id\":\"https:\/\/emergencyservices24h.ca\/fr\/#website\",\"url\":\"https:\/\/emergencyservices24h.ca\/fr\/\",\"name\":\"emergencyeervices24h\",\"description\":\"Emergency Services 24h\",\"publisher\":{\"@id\":\"https:\/\/emergencyservices24h.ca\/fr\/#organization\"},\"potentialAction\":[{\"@type\":\"SearchAction\",\"target\":{\"@type\":\"EntryPoint\",\"urlTemplate\":\"https:\/\/emergencyservices24h.ca\/fr\/?s={search_term_string}\"},\"query-input\":{\"@type\":\"PropertyValueSpecification\",\"valueRequired\":true,\"valueName\":\"search_term_string\"}}],\"inLanguage\":\"fr-FR\"},{\"@type\":\"Organization\",\"@id\":\"https:\/\/emergencyservices24h.ca\/fr\/#organization\",\"name\":\"Emergency Services 24H\",\"url\":\"https:\/\/emergencyservices24h.ca\/fr\/\",\"logo\":{\"@type\":\"ImageObject\",\"inLanguage\":\"fr-FR\",\"@id\":\"https:\/\/emergencyservices24h.ca\/fr\/#\/schema\/logo\/image\/\",\"url\":\"https:\/\/emergencyservices24h.ca\/wp-content\/uploads\/2024\/05\/logoooo.png\",\"contentUrl\":\"https:\/\/emergencyservices24h.ca\/wp-content\/uploads\/2024\/05\/logoooo.png\",\"width\":181,\"height\":72,\"caption\":\"Emergency Services 24H\"},\"image\":{\"@id\":\"https:\/\/emergencyservices24h.ca\/fr\/#\/schema\/logo\/image\/\"}}]}<\/script>\n<!-- \/ Yoast SEO plugin. -->","yoast_head_json":{"title":"Contactez Nous - Emergency Services 24H","description":"Contactez-nous d'Intervention Rapide 24 Compatible avec tous les services. Service d\u2019urgence 24 heures plombier et \u00c9lectricien.","robots":{"index":"index","follow":"follow","max-snippet":"max-snippet:-1","max-image-preview":"max-image-preview:large","max-video-preview":"max-video-preview:-1"},"canonical":"https:\/\/emergencyservices24h.ca\/fr\/contactez-nous\/","og_locale":"fr_FR","og_type":"article","og_title":"Contactez Nous - Emergency Services 24H","og_description":"Contactez-nous d'Intervention Rapide 24 Compatible avec tous les services. Service d\u2019urgence 24 heures plombier et \u00c9lectricien.","og_url":"https:\/\/emergencyservices24h.ca\/fr\/contactez-nous\/","og_site_name":"Emergency Services 24H","article_modified_time":"2024-05-21T10:26:07+00:00","twitter_card":"summary_large_image","twitter_misc":{"Dur\u00e9e de lecture estim\u00e9e":"1 minute"},"schema":{"@context":"https:\/\/schema.org","@graph":[{"@type":"WebPage","@id":"https:\/\/emergencyservices24h.ca\/fr\/contactez-nous\/","url":"https:\/\/emergencyservices24h.ca\/fr\/contactez-nous\/","name":"Contactez Nous - Emergency Services 24H","isPartOf":{"@id":"https:\/\/emergencyservices24h.ca\/fr\/#website"},"datePublished":"2024-05-21T07:46:09+00:00","dateModified":"2024-05-21T10:26:07+00:00","description":"Contactez-nous d'Intervention Rapide 24 Compatible avec tous les services. Service d\u2019urgence 24 heures plombier et \u00c9lectricien.","breadcrumb":{"@id":"https:\/\/emergencyservices24h.ca\/fr\/contactez-nous\/#breadcrumb"},"inLanguage":"fr-FR","potentialAction":[{"@type":"ReadAction","target":["https:\/\/emergencyservices24h.ca\/fr\/contactez-nous\/"]}]},{"@type":"BreadcrumbList","@id":"https:\/\/emergencyservices24h.ca\/fr\/contactez-nous\/#breadcrumb","itemListElement":[{"@type":"ListItem","position":1,"name":"Home","item":"https:\/\/emergencyservices24h.ca\/fr\/"},{"@type":"ListItem","position":2,"name":"Contactez Nous"}]},{"@type":"WebSite","@id":"https:\/\/emergencyservices24h.ca\/fr\/#website","url":"https:\/\/emergencyservices24h.ca\/fr\/","name":"emergencyeervices24h","description":"Emergency Services 24h","publisher":{"@id":"https:\/\/emergencyservices24h.ca\/fr\/#organization"},"potentialAction":[{"@type":"SearchAction","target":{"@type":"EntryPoint","urlTemplate":"https:\/\/emergencyservices24h.ca\/fr\/?s={search_term_string}"},"query-input":{"@type":"PropertyValueSpecification","valueRequired":true,"valueName":"search_term_string"}}],"inLanguage":"fr-FR"},{"@type":"Organization","@id":"https:\/\/emergencyservices24h.ca\/fr\/#organization","name":"Emergency Services 24H","url":"https:\/\/emergencyservices24h.ca\/fr\/","logo":{"@type":"ImageObject","inLanguage":"fr-FR","@id":"https:\/\/emergencyservices24h.ca\/fr\/#\/schema\/logo\/image\/","url":"https:\/\/emergencyservices24h.ca\/wp-content\/uploads\/2024\/05\/logoooo.png","contentUrl":"https:\/\/emergencyservices24h.ca\/wp-content\/uploads\/2024\/05\/logoooo.png","width":181,"height":72,"caption":"Emergency Services 24H"},"image":{"@id":"https:\/\/emergencyservices24h.ca\/fr\/#\/schema\/logo\/image\/"}}]}},"_links":{"self":[{"href":"https:\/\/emergencyservices24h.ca\/fr\/wp-json\/wp\/v2\/pages\/16676","targetHints":{"allow":["GET"]}}],"collection":[{"href":"https:\/\/emergencyservices24h.ca\/fr\/wp-json\/wp\/v2\/pages"}],"about":[{"href":"https:\/\/emergencyservices24h.ca\/fr\/wp-json\/wp\/v2\/types\/page"}],"author":[{"embeddable":true,"href":"https:\/\/emergencyservices24h.ca\/fr\/wp-json\/wp\/v2\/users\/1"}],"replies":[{"embeddable":true,"href":"https:\/\/emergencyservices24h.ca\/fr\/wp-json\/wp\/v2\/comments?post=16676"}],"version-history":[{"count":0,"href":"https:\/\/emergencyservices24h.ca\/fr\/wp-json\/wp\/v2\/pages\/16676\/revisions"}],"wp:attachment":[{"href":"https:\/\/emergencyservices24h.ca\/fr\/wp-json\/wp\/v2\/media?parent=16676"}],"curies":[{"name":"wp","href":"https:\/\/api.w.org\/{rel}","templated":true}]}}